{"id":1077,"date":"2019-06-10T16:41:08","date_gmt":"2019-06-10T14:41:08","guid":{"rendered":"http:\/\/comarpack.com\/?page_id=1077"},"modified":"2019-06-10T17:12:03","modified_gmt":"2019-06-10T15:12:03","slug":"flascons-pet","status":"publish","type":"page","link":"https:\/\/comarpack.com\/ca\/productes\/flascons-pet\/","title":{"rendered":"Flascons PET"},"content":{"rendered":"<p>\u00daS:<\/p>\n<ul>\n<li>Envasos per a xarops, bebibles, solucions i suspensions.<\/li>\n<li>60 ml a 1.000 ml<\/li>\n<li>Ampolles extra-gruixudes per prevenir distorsi\u00f3<\/li>\n<\/ul>\n<p>BENEFICIS:<\/p>\n<ul>\n<li>Fet de PET sense bisfenol A o ftalats, adequats per al contacte amb aliments.<\/li>\n<li>Per coll PP28<\/li>\n<li>Injecci\u00f3-bufat de les nostres pr\u00f2pies preformes.PERSONALITZACI\u00d3:<\/li>\n<\/ul>\n<p>Color est\u00e0ndard marr\u00f3<\/p>\n<ul>\n<li>Altres colors sota comanda.<\/li>\n<\/ul>\n","protected":false},"excerpt":{"rendered":"<p>\u00daS: Envasos per a xarops, bebibles, solucions i suspensions. 60 ml a 1.000 ml Ampolles extra-gruixudes per prevenir distorsi\u00f3 BENEFICIS: Fet de PET sense bisfenol A o ftalats, adequats per al contacte amb aliments. Per coll PP28 Injecci\u00f3-bufat de les nostres pr\u00f2pies preformes.PERSONALITZACI\u00d3: Color est\u00e0ndard marr\u00f3 Altres colors sota comanda.<\/p>\n","protected":false},"author":1,"featured_media":0,"parent":649,"menu_order":0,"comment_status":"closed","ping_status":"closed","template":"page-dinsproducte.php","meta":{"_acf_changed":false,"footnotes":""},"class_list":["post-1077","page","type-page","status-publish","hentry"],"acf":[],"_links":{"self":[{"href":"https:\/\/comarpack.com\/ca\/wp-json\/wp\/v2\/pages\/1077","targetHints":{"allow":["GET"]}}],"collection":[{"href":"https:\/\/comarpack.com\/ca\/wp-json\/wp\/v2\/pages"}],"about":[{"href":"https:\/\/comarpack.com\/ca\/wp-json\/wp\/v2\/types\/page"}],"author":[{"embeddable":true,"href":"https:\/\/comarpack.com\/ca\/wp-json\/wp\/v2\/users\/1"}],"replies":[{"embeddable":true,"href":"https:\/\/comarpack.com\/ca\/wp-json\/wp\/v2\/comments?post=1077"}],"version-history":[{"count":6,"href":"https:\/\/comarpack.com\/ca\/wp-json\/wp\/v2\/pages\/1077\/revisions"}],"predecessor-version":[{"id":1110,"href":"https:\/\/comarpack.com\/ca\/wp-json\/wp\/v2\/pages\/1077\/revisions\/1110"}],"up":[{"embeddable":true,"href":"https:\/\/comarpack.com\/ca\/wp-json\/wp\/v2\/pages\/649"}],"wp:attachment":[{"href":"https:\/\/comarpack.com\/ca\/wp-json\/wp\/v2\/media?parent=1077"}],"curies":[{"name":"wp","href":"https:\/\/api.w.org\/{rel}","templated":true}]}}