{"id":586,"date":"2019-03-07T10:59:38","date_gmt":"2019-03-07T08:59:38","guid":{"rendered":"http:\/\/comarpack.com\/aluminio-para-blister-y-materiales-complejos-flexibles\/"},"modified":"2019-03-26T13:07:53","modified_gmt":"2019-03-26T11:07:53","slug":"alumini-per-a-blisters-i-materials-complexos-flexibles","status":"publish","type":"page","link":"https:\/\/comarpack.com\/ca\/productes\/alumini-per-a-blisters-i-materials-complexos-flexibles\/","title":{"rendered":"Alumini per a blisters i materials complexos flexibles"},"content":{"rendered":"<p>Som especialistes en la fabricaci\u00f3, impressi\u00f3 i laminaci\u00f3 en gravat al buit i flexografia de materials complexos flexibles, destinats a envasar productes farmac\u00e8utics, diet\u00e8tics i veterinaris.\u00a0Tots els processos de producci\u00f3 es realitzen a l&#8217;interior d&#8217;una Sala Blanca que disposa de la Certificaci\u00f3 ISO-8 (classe 100.000), amb sistemes de ventilaci\u00f3 equipats amb filtres absoluts del tipus H13, per assegurar la completa abs\u00e8ncia d&#8217;agents externs contaminants.\u00a0<\/p>\n<ul>\n<li>Alumini termo-soldable per a blisters<\/li>\n<li>Complexos de paper, alumini i polietil\u00e8 per a sobres monodosi de productes granulats o en pols<\/li>\n<li>Complexos de paper o poli\u00e8ster amb alumini i polietil\u00e8 per sobres de cremes i l\u00edquids<\/li>\n<li>Complexos d&#8217;alumini i polietil\u00e8 per a supositoris i envasos cl\u00ednics<\/li>\n<li>Materials esterilitzables<\/li>\n<\/ul>\n<p>\u00a0<\/p>\n","protected":false},"excerpt":{"rendered":"<p>Som especialistes en la fabricaci\u00f3, impressi\u00f3 i laminaci\u00f3 en gravat al buit i flexografia de materials complexos flexibles, destinats a envasar productes farmac\u00e8utics, diet\u00e8tics i veterinaris.\u00a0Tots els processos de producci\u00f3 es realitzen a l&#8217;interior d&#8217;una Sala Blanca que disposa de la Certificaci\u00f3 ISO-8 (classe 100.000), amb sistemes de ventilaci\u00f3 equipats amb filtres absoluts del tipus &hellip; <a href=\"https:\/\/comarpack.com\/ca\/productes\/alumini-per-a-blisters-i-materials-complexos-flexibles\/\" class=\"more-link\">Continua la lectura de <span class=\"screen-reader-text\">Alumini per a blisters i materials complexos flexibles<\/span> <span class=\"meta-nav\">&rarr;<\/span><\/a><\/p>\n","protected":false},"author":1,"featured_media":0,"parent":649,"menu_order":0,"comment_status":"closed","ping_status":"closed","template":"page-dinsproducte.php","meta":{"_acf_changed":false,"footnotes":""},"class_list":["post-586","page","type-page","status-publish","hentry"],"acf":[],"_links":{"self":[{"href":"https:\/\/comarpack.com\/ca\/wp-json\/wp\/v2\/pages\/586","targetHints":{"allow":["GET"]}}],"collection":[{"href":"https:\/\/comarpack.com\/ca\/wp-json\/wp\/v2\/pages"}],"about":[{"href":"https:\/\/comarpack.com\/ca\/wp-json\/wp\/v2\/types\/page"}],"author":[{"embeddable":true,"href":"https:\/\/comarpack.com\/ca\/wp-json\/wp\/v2\/users\/1"}],"replies":[{"embeddable":true,"href":"https:\/\/comarpack.com\/ca\/wp-json\/wp\/v2\/comments?post=586"}],"version-history":[{"count":3,"href":"https:\/\/comarpack.com\/ca\/wp-json\/wp\/v2\/pages\/586\/revisions"}],"predecessor-version":[{"id":863,"href":"https:\/\/comarpack.com\/ca\/wp-json\/wp\/v2\/pages\/586\/revisions\/863"}],"up":[{"embeddable":true,"href":"https:\/\/comarpack.com\/ca\/wp-json\/wp\/v2\/pages\/649"}],"wp:attachment":[{"href":"https:\/\/comarpack.com\/ca\/wp-json\/wp\/v2\/media?parent=586"}],"curies":[{"name":"wp","href":"https:\/\/api.w.org\/{rel}","templated":true}]}}