{"id":590,"date":"2019-03-05T10:55:12","date_gmt":"2019-03-05T08:55:12","guid":{"rendered":"http:\/\/comarpack.com\/tapas-cuentagotas\/"},"modified":"2019-03-26T13:15:05","modified_gmt":"2019-03-26T11:15:05","slug":"canules-comptagotes","status":"publish","type":"page","link":"https:\/\/comarpack.com\/ca\/productes\/canules-comptagotes\/","title":{"rendered":"C\u00e0nules comptagotes"},"content":{"rendered":"<h3>AVANTATGES:<\/h3>\n<ul>\n<li>Gamma completa (comptagotes de vidre o pl\u00e0stic, c\u00e0nules).<\/li>\n<li>Moltes combinacions possibles per a diferents di\u00e0metres de coll.<\/li>\n<li>Dosificaci\u00f3 precisa de l\u00edquids d\u2019acord amb la Farmacopea Europea 2.9.27<\/li>\n<li>V\u00e0ries aplicacions (salut humana, salut animal, qu\u00edmica, agroalimentaci\u00f3).<\/li>\n<li>Dosifica uniformement la gota de medicament per a \u00fas en la salut humana o animal.<\/li>\n<li>Possible graduaci\u00f3 de pipetes en volum (ml), dosis (1 dosis), o n\u00famero de gotes definit (generalment 20 \u2013 30 \u2013 40 gotes)<\/li>\n<li>Dosificaci\u00f3 per a aplicaci\u00f3 nasal, auricular o oftalmol\u00f2gica.<\/li>\n<li>C\u00e0nula enroscada per coll: 20-410, 20-415, 24-410, PH 18, PH 20 i PP 28<\/li>\n<\/ul>\n<h3>PERSONALITZACI\u00d3:<\/h3>\n<ul>\n<li>Color: pist\u00f3, marcatge d\u2019acord amb els codis de color del medicament, logotip.<\/li>\n<li>Registre del nom del medicament perqu\u00e8 sigui segur prendre\u2019l.<\/li>\n<li>Unitat d\u2019escala i graduaci\u00f3 (ml, mg, kg \u2026) per a simplificar-ne l\u2019\u00fas.<\/li>\n<li>Embalatge individual a petici\u00f3.<\/li>\n<li>Accessoris (clip de subjecci\u00f3, funda protectora)<\/li>\n<li>Color i marcatge sobre pist\u00f3 o pipeta.<\/li>\n<\/ul>\n<h3>CONFORMITAT REGLAMENT\u00c0RIA:<\/h3>\n<ul>\n<li>Mat\u00e8ries primes, sense bisfenol A, adequades per el contacte amb aliments.<\/li>\n<li>Materials farmac\u00e8utics o biocompatibles a petici\u00f3.<\/li>\n<li>Pipeta de vidre (Classe III) o pl\u00e0stic (PE \/ PP)<\/li>\n<li>Anell amb rosca adequat per a ampolles de vidre o pl\u00e0stic.<\/li>\n<li>Pipeta de pl\u00e0stic: molt lleugera, irrompible, f\u00e0cil impressi\u00f3 del cos.<\/li>\n<li>Pipeta de vidre: alta transpar\u00e8ncia, suporta totes les solucions.<\/li>\n<li>Permet comptar les gotes per a la dosificaci\u00f3 exacta.<\/li>\n<\/ul>\n<p>\u00a0<\/p>\n<p>\u00a0<\/p>\n","protected":false},"excerpt":{"rendered":"<p>AVANTATGES: Gamma completa (comptagotes de vidre o pl\u00e0stic, c\u00e0nules). Moltes combinacions possibles per a diferents di\u00e0metres de coll. Dosificaci\u00f3 precisa de l\u00edquids d\u2019acord amb la Farmacopea Europea 2.9.27 V\u00e0ries aplicacions (salut humana, salut animal, qu\u00edmica, agroalimentaci\u00f3). Dosifica uniformement la gota de medicament per a \u00fas en la salut humana o animal. Possible graduaci\u00f3 de pipetes &hellip; <a href=\"https:\/\/comarpack.com\/ca\/productes\/canules-comptagotes\/\" class=\"more-link\">Continua la lectura de <span class=\"screen-reader-text\">C\u00e0nules comptagotes<\/span> <span class=\"meta-nav\">&rarr;<\/span><\/a><\/p>\n","protected":false},"author":1,"featured_media":0,"parent":649,"menu_order":0,"comment_status":"closed","ping_status":"closed","template":"page-dinsproducte.php","meta":{"_acf_changed":false,"footnotes":""},"class_list":["post-590","page","type-page","status-publish","hentry"],"acf":[],"_links":{"self":[{"href":"https:\/\/comarpack.com\/ca\/wp-json\/wp\/v2\/pages\/590","targetHints":{"allow":["GET"]}}],"collection":[{"href":"https:\/\/comarpack.com\/ca\/wp-json\/wp\/v2\/pages"}],"about":[{"href":"https:\/\/comarpack.com\/ca\/wp-json\/wp\/v2\/types\/page"}],"author":[{"embeddable":true,"href":"https:\/\/comarpack.com\/ca\/wp-json\/wp\/v2\/users\/1"}],"replies":[{"embeddable":true,"href":"https:\/\/comarpack.com\/ca\/wp-json\/wp\/v2\/comments?post=590"}],"version-history":[{"count":4,"href":"https:\/\/comarpack.com\/ca\/wp-json\/wp\/v2\/pages\/590\/revisions"}],"predecessor-version":[{"id":901,"href":"https:\/\/comarpack.com\/ca\/wp-json\/wp\/v2\/pages\/590\/revisions\/901"}],"up":[{"embeddable":true,"href":"https:\/\/comarpack.com\/ca\/wp-json\/wp\/v2\/pages\/649"}],"wp:attachment":[{"href":"https:\/\/comarpack.com\/ca\/wp-json\/wp\/v2\/media?parent=590"}],"curies":[{"name":"wp","href":"https:\/\/api.w.org\/{rel}","templated":true}]}}