{"id":614,"date":"2019-03-05T10:44:48","date_gmt":"2019-03-05T08:44:48","guid":{"rendered":"http:\/\/comarpack.com\/cucharas-dosificadoras\/"},"modified":"2019-03-26T13:10:30","modified_gmt":"2019-03-26T11:10:30","slug":"culleretes-dosificadores","status":"publish","type":"page","link":"https:\/\/comarpack.com\/ca\/productes\/culleretes-dosificadores\/","title":{"rendered":"Culleretes dosificadores"},"content":{"rendered":"<h3>AVANTATGES:<\/h3>\n<ul>\n<li>Dosificaci\u00f3 de l\u00edquids, granulats, microgranulats i microcomprimits. D&#8217;acord amb la Farmacopea Europea 2.9.27<\/li>\n<li>Gamma completa<\/li>\n<li>Contingut de 0,05 ml a 55 ml<\/li>\n<li>\u00c0mplia varietat de formes:. \u00bd esfera, doble dosi, ovalat, cil\u00edndric.<\/li>\n<li>Colors est\u00e0ndard (vidre, blanc, ivori) o Pantone a petici\u00f3.<\/li>\n<\/ul>\n<h3>PERSONALITZACI\u00d3:<\/h3>\n<ul>\n<li>Graduaci\u00f3 (pes, mg, ml, mesura \u2026) per tampografia<\/li>\n<li>Color, logotip , marcatge.<\/li>\n<li>Embalatge<\/li>\n<\/ul>\n<h3>CONFORMITAT REGLAMENT\u00c0RIA:<\/h3>\n<ul>\n<li>DM de classe lm<\/li>\n<li>Marcatge CE 0459 (En el cas de l\u2019administraci\u00f3 de medicaments)<\/li>\n<li>Materials farmac\u00e8utics o biocompatibles a petici\u00f3<\/li>\n<\/ul>\n<p>\u00a0<\/p>\n<p>\u00a0<\/p>\n","protected":false},"excerpt":{"rendered":"<p>AVANTATGES: Dosificaci\u00f3 de l\u00edquids, granulats, microgranulats i microcomprimits. D&#8217;acord amb la Farmacopea Europea 2.9.27 Gamma completa Contingut de 0,05 ml a 55 ml \u00c0mplia varietat de formes:. \u00bd esfera, doble dosi, ovalat, cil\u00edndric. Colors est\u00e0ndard (vidre, blanc, ivori) o Pantone a petici\u00f3. PERSONALITZACI\u00d3: Graduaci\u00f3 (pes, mg, ml, mesura \u2026) per tampografia Color, logotip , marcatge. &hellip; <a href=\"https:\/\/comarpack.com\/ca\/productes\/culleretes-dosificadores\/\" class=\"more-link\">Continua la lectura de <span class=\"screen-reader-text\">Culleretes dosificadores<\/span> <span class=\"meta-nav\">&rarr;<\/span><\/a><\/p>\n","protected":false},"author":1,"featured_media":0,"parent":649,"menu_order":0,"comment_status":"closed","ping_status":"closed","template":"page-dinsproducte.php","meta":{"_acf_changed":false,"footnotes":""},"class_list":["post-614","page","type-page","status-publish","hentry"],"acf":[],"_links":{"self":[{"href":"https:\/\/comarpack.com\/ca\/wp-json\/wp\/v2\/pages\/614","targetHints":{"allow":["GET"]}}],"collection":[{"href":"https:\/\/comarpack.com\/ca\/wp-json\/wp\/v2\/pages"}],"about":[{"href":"https:\/\/comarpack.com\/ca\/wp-json\/wp\/v2\/types\/page"}],"author":[{"embeddable":true,"href":"https:\/\/comarpack.com\/ca\/wp-json\/wp\/v2\/users\/1"}],"replies":[{"embeddable":true,"href":"https:\/\/comarpack.com\/ca\/wp-json\/wp\/v2\/comments?post=614"}],"version-history":[{"count":3,"href":"https:\/\/comarpack.com\/ca\/wp-json\/wp\/v2\/pages\/614\/revisions"}],"predecessor-version":[{"id":874,"href":"https:\/\/comarpack.com\/ca\/wp-json\/wp\/v2\/pages\/614\/revisions\/874"}],"up":[{"embeddable":true,"href":"https:\/\/comarpack.com\/ca\/wp-json\/wp\/v2\/pages\/649"}],"wp:attachment":[{"href":"https:\/\/comarpack.com\/ca\/wp-json\/wp\/v2\/media?parent=614"}],"curies":[{"name":"wp","href":"https:\/\/api.w.org\/{rel}","templated":true}]}}