{"id":618,"date":"2019-03-05T10:30:31","date_gmt":"2019-03-05T08:30:31","guid":{"rendered":"http:\/\/comarpack.com\/vasitos-dosificadores\/"},"modified":"2019-03-26T13:12:00","modified_gmt":"2019-03-26T11:12:00","slug":"vasets-dosificadors","status":"publish","type":"page","link":"https:\/\/comarpack.com\/ca\/productes\/vasets-dosificadors\/","title":{"rendered":"Vasets dosificadors"},"content":{"rendered":"<h3>AVANTATGES:<\/h3>\n<ul>\n<li>Dosificacions de formes l\u00edquides i seques.<\/li>\n<li>Gamma completa<\/li>\n<li>Continguts de 14 ml a 110 ml<\/li>\n<li>Per a taps PP25 a PP38<\/li>\n<li>Color est\u00e0ndard transparent<\/li>\n<li>Todos els Pantone possibles sobre petici\u00f3.<\/li>\n<li>Marcatge CE en el cas de l\u2019administraci\u00f3 de medicaments.<\/li>\n<\/ul>\n<h3>PERSONALITZACI\u00d3:<\/h3>\n<ul>\n<li>Graduaci\u00f3.<\/li>\n<li>Aletes adaptables per a diferents taps.<\/li>\n<li>Color, marcatge.<\/li>\n<li>Embalatge<\/li>\n<li>Color est\u00e0ndard transparent.<\/li>\n<li>Tots els Pantone possibles sobre petici\u00f3.<\/li>\n<li>Marcatge CE en el cas de l\u2019administraci\u00f3 de medicaments.<\/li>\n<\/ul>\n<h3>CONFORMITAT REGLAMENT\u00c0RIA:<\/h3>\n<ul>\n<li>DM de clase lm<\/li>\n<li>Marcatge CE 0459 (en el cas de l\u2019administraci\u00f3 de f\u00e0rmacs)<\/li>\n<li>Sense ftalat i bisfenol A<\/li>\n<li>Materials farmac\u00e8utics o biocompatibles a petici\u00f3.<\/li>\n<\/ul>\n<p>\u00a0<\/p>\n<p>\u00a0<\/p>\n","protected":false},"excerpt":{"rendered":"<p>AVANTATGES: Dosificacions de formes l\u00edquides i seques. Gamma completa Continguts de 14 ml a 110 ml Per a taps PP25 a PP38 Color est\u00e0ndard transparent Todos els Pantone possibles sobre petici\u00f3. Marcatge CE en el cas de l\u2019administraci\u00f3 de medicaments. PERSONALITZACI\u00d3: Graduaci\u00f3. Aletes adaptables per a diferents taps. Color, marcatge. Embalatge Color est\u00e0ndard transparent. Tots &hellip; <a href=\"https:\/\/comarpack.com\/ca\/productes\/vasets-dosificadors\/\" class=\"more-link\">Continua la lectura de <span class=\"screen-reader-text\">Vasets dosificadors<\/span> <span class=\"meta-nav\">&rarr;<\/span><\/a><\/p>\n","protected":false},"author":1,"featured_media":0,"parent":649,"menu_order":0,"comment_status":"closed","ping_status":"closed","template":"page-dinsproducte.php","meta":{"_acf_changed":false,"footnotes":""},"class_list":["post-618","page","type-page","status-publish","hentry"],"acf":[],"_links":{"self":[{"href":"https:\/\/comarpack.com\/ca\/wp-json\/wp\/v2\/pages\/618","targetHints":{"allow":["GET"]}}],"collection":[{"href":"https:\/\/comarpack.com\/ca\/wp-json\/wp\/v2\/pages"}],"about":[{"href":"https:\/\/comarpack.com\/ca\/wp-json\/wp\/v2\/types\/page"}],"author":[{"embeddable":true,"href":"https:\/\/comarpack.com\/ca\/wp-json\/wp\/v2\/users\/1"}],"replies":[{"embeddable":true,"href":"https:\/\/comarpack.com\/ca\/wp-json\/wp\/v2\/comments?post=618"}],"version-history":[{"count":3,"href":"https:\/\/comarpack.com\/ca\/wp-json\/wp\/v2\/pages\/618\/revisions"}],"predecessor-version":[{"id":884,"href":"https:\/\/comarpack.com\/ca\/wp-json\/wp\/v2\/pages\/618\/revisions\/884"}],"up":[{"embeddable":true,"href":"https:\/\/comarpack.com\/ca\/wp-json\/wp\/v2\/pages\/649"}],"wp:attachment":[{"href":"https:\/\/comarpack.com\/ca\/wp-json\/wp\/v2\/media?parent=618"}],"curies":[{"name":"wp","href":"https:\/\/api.w.org\/{rel}","templated":true}]}}