{"id":624,"date":"2019-03-04T17:48:37","date_gmt":"2019-03-04T15:48:37","guid":{"rendered":"http:\/\/comarpack.com\/servei\/"},"modified":"2019-03-26T13:18:35","modified_gmt":"2019-03-26T11:18:35","slug":"serveis","status":"publish","type":"page","link":"https:\/\/comarpack.com\/ca\/serveis\/","title":{"rendered":"Serveis"},"content":{"rendered":"<p>El nostre principal servei \u00e9s solucionar qualsevol problema de packaging, mitjan\u00e7ant una oferta \u00e0mplia i variada de productes. Gr\u00e0cies a les nostres empreses col\u00b7laboradores, comptem amb un ampli ventall de productes per cobrir totes les necessitats dels nostres clients.<\/p>\n<p>D&#8217;aquesta manera, ens encarreguem de gestionar amb els nostres partners especialitzats la recerca de diferents solucions per oferir propostes diverses i adequades al producte espec\u00edfic del nostre client. La nostra capacitat d&#8217;adaptaci\u00f3 i flexibilitat, ens permet oferir solucions en diversos materials: vidre, polietil\u00e8, polipropil\u00e8, PET, c\u00e0psules d&#8217;alumini, impressi\u00f3 d&#8217;alumini de blister, i altres productes com taps de pl\u00e0stic, gots o xeringues.<\/p>\n","protected":false},"excerpt":{"rendered":"<p>El nostre principal servei \u00e9s solucionar qualsevol problema de packaging, mitjan\u00e7ant una oferta \u00e0mplia i variada de productes. Gr\u00e0cies a les nostres empreses col\u00b7laboradores, comptem amb un ampli ventall de productes per cobrir totes les necessitats dels nostres clients. D&#8217;aquesta manera, ens encarreguem de gestionar amb els nostres partners especialitzats la recerca de diferents solucions &hellip; <a href=\"https:\/\/comarpack.com\/ca\/serveis\/\" class=\"more-link\">Continua la lectura de <span class=\"screen-reader-text\">Serveis<\/span> <span class=\"meta-nav\">&rarr;<\/span><\/a><\/p>\n","protected":false},"author":1,"featured_media":0,"parent":0,"menu_order":0,"comment_status":"closed","ping_status":"closed","template":"","meta":{"_acf_changed":false,"footnotes":""},"class_list":["post-624","page","type-page","status-publish","hentry"],"acf":[],"_links":{"self":[{"href":"https:\/\/comarpack.com\/ca\/wp-json\/wp\/v2\/pages\/624","targetHints":{"allow":["GET"]}}],"collection":[{"href":"https:\/\/comarpack.com\/ca\/wp-json\/wp\/v2\/pages"}],"about":[{"href":"https:\/\/comarpack.com\/ca\/wp-json\/wp\/v2\/types\/page"}],"author":[{"embeddable":true,"href":"https:\/\/comarpack.com\/ca\/wp-json\/wp\/v2\/users\/1"}],"replies":[{"embeddable":true,"href":"https:\/\/comarpack.com\/ca\/wp-json\/wp\/v2\/comments?post=624"}],"version-history":[{"count":5,"href":"https:\/\/comarpack.com\/ca\/wp-json\/wp\/v2\/pages\/624\/revisions"}],"predecessor-version":[{"id":911,"href":"https:\/\/comarpack.com\/ca\/wp-json\/wp\/v2\/pages\/624\/revisions\/911"}],"wp:attachment":[{"href":"https:\/\/comarpack.com\/ca\/wp-json\/wp\/v2\/media?parent=624"}],"curies":[{"name":"wp","href":"https:\/\/api.w.org\/{rel}","templated":true}]}}