{"id":654,"date":"2019-01-28T16:41:34","date_gmt":"2019-01-28T14:41:34","guid":{"rendered":"http:\/\/comarpack.com\/rovipharm\/"},"modified":"2019-03-26T13:02:37","modified_gmt":"2019-03-26T11:02:37","slug":"rovipharm","status":"publish","type":"page","link":"https:\/\/comarpack.com\/ca\/representacions\/rovipharm\/","title":{"rendered":"Rovipharm"},"content":{"rendered":"<p>Empresa:<strong>&nbsp;Rovipharm<\/strong><br>Seu: Fran\u00e7a<br>P\u00e0gina web:&nbsp;&nbsp;<a href=\"http:\/\/www.rovipharm.com\/\">www.rovipharm.com<\/a><\/p>\n<p>Des de fa m\u00e9s de 30 anys, Rovipharm est\u00e0 especialitzada en la fabricaci\u00f3 de dispositius m\u00e8dics i de dosificaci\u00f3 destinats a les ind\u00fastries farmac\u00e8utiques i m\u00e8diques.<\/p>\n<p>Pime francesa situada al centre d&#8217;Europa, Rovipharm \u00e9s l\u00edder mundial de dispositius de dosificaci\u00f3: xeringues dosificadores, culleretes i gotets dosificadors, tapes comptagotes, accessoris de dosificaci\u00f3, etc.<\/p>\n<p>L&#8217;empresa respon a les necessitats, en mat\u00e8ria d&#8217;envasament primari i secundari, de components de pl\u00e0stic, de subconjunts i conjunts per a dispositius m\u00e8dics, amb processos d&#8217;injecci\u00f3, d&#8217;impressi\u00f3 i d&#8217;acoblament.<\/p>\n<p>L\u2019empresa exporta a m\u00e9s de 40 pa\u00efsos en directe o mitjan\u00e7ant una xarxa d&#8217;agents<\/p>\n\n\n<p><\/p>\n","protected":false},"excerpt":{"rendered":"<p>Empresa:&nbsp;RovipharmSeu: Fran\u00e7aP\u00e0gina web:&nbsp;&nbsp;www.rovipharm.com Des de fa m\u00e9s de 30 anys, Rovipharm est\u00e0 especialitzada en la fabricaci\u00f3 de dispositius m\u00e8dics i de dosificaci\u00f3 destinats a les ind\u00fastries farmac\u00e8utiques i m\u00e8diques. Pime francesa situada al centre d&#8217;Europa, Rovipharm \u00e9s l\u00edder mundial de dispositius de dosificaci\u00f3: xeringues dosificadores, culleretes i gotets dosificadors, tapes comptagotes, accessoris de dosificaci\u00f3, etc. &hellip; <a href=\"https:\/\/comarpack.com\/ca\/representacions\/rovipharm\/\" class=\"more-link\">Continua la lectura de <span class=\"screen-reader-text\">Rovipharm<\/span> <span class=\"meta-nav\">&rarr;<\/span><\/a><\/p>\n","protected":false},"author":1,"featured_media":0,"parent":662,"menu_order":0,"comment_status":"closed","ping_status":"closed","template":"page-femdins.php","meta":{"_acf_changed":false,"footnotes":""},"class_list":["post-654","page","type-page","status-publish","hentry"],"acf":[],"_links":{"self":[{"href":"https:\/\/comarpack.com\/ca\/wp-json\/wp\/v2\/pages\/654","targetHints":{"allow":["GET"]}}],"collection":[{"href":"https:\/\/comarpack.com\/ca\/wp-json\/wp\/v2\/pages"}],"about":[{"href":"https:\/\/comarpack.com\/ca\/wp-json\/wp\/v2\/types\/page"}],"author":[{"embeddable":true,"href":"https:\/\/comarpack.com\/ca\/wp-json\/wp\/v2\/users\/1"}],"replies":[{"embeddable":true,"href":"https:\/\/comarpack.com\/ca\/wp-json\/wp\/v2\/comments?post=654"}],"version-history":[{"count":2,"href":"https:\/\/comarpack.com\/ca\/wp-json\/wp\/v2\/pages\/654\/revisions"}],"predecessor-version":[{"id":849,"href":"https:\/\/comarpack.com\/ca\/wp-json\/wp\/v2\/pages\/654\/revisions\/849"}],"up":[{"embeddable":true,"href":"https:\/\/comarpack.com\/ca\/wp-json\/wp\/v2\/pages\/662"}],"wp:attachment":[{"href":"https:\/\/comarpack.com\/ca\/wp-json\/wp\/v2\/media?parent=654"}],"curies":[{"name":"wp","href":"https:\/\/api.w.org\/{rel}","templated":true}]}}