{"id":662,"date":"2019-01-25T12:05:48","date_gmt":"2019-01-25T10:05:48","guid":{"rendered":"http:\/\/comarpack.com\/representaciones\/"},"modified":"2019-03-26T13:00:14","modified_gmt":"2019-03-26T11:00:14","slug":"representacions","status":"publish","type":"page","link":"https:\/\/comarpack.com\/ca\/representacions\/","title":{"rendered":"Representacions"},"content":{"rendered":"<p>Amb l&#8217;objectiu d&#8217;oferir un servei ajustat a les necessitats de cada client, comptem amb partners de diversos sectors. Aquesta sinergia ens permet oferir al nostre client el producte m\u00e9s adequat, amb la certificaci\u00f3 de garantia d&#8217;empreses \u00e0mpliament reconegudes en cada un dels sectors.<\/p>\n","protected":false},"excerpt":{"rendered":"<p>Amb l&#8217;objectiu d&#8217;oferir un servei ajustat a les necessitats de cada client, comptem amb partners de diversos sectors. Aquesta sinergia ens permet oferir al nostre client el producte m\u00e9s adequat, amb la certificaci\u00f3 de garantia d&#8217;empreses \u00e0mpliament reconegudes en cada un dels sectors.<\/p>\n","protected":false},"author":1,"featured_media":0,"parent":0,"menu_order":0,"comment_status":"closed","ping_status":"closed","template":"page-quefem.php","meta":{"_acf_changed":false,"footnotes":""},"class_list":["post-662","page","type-page","status-publish","hentry"],"acf":[],"_links":{"self":[{"href":"https:\/\/comarpack.com\/ca\/wp-json\/wp\/v2\/pages\/662","targetHints":{"allow":["GET"]}}],"collection":[{"href":"https:\/\/comarpack.com\/ca\/wp-json\/wp\/v2\/pages"}],"about":[{"href":"https:\/\/comarpack.com\/ca\/wp-json\/wp\/v2\/types\/page"}],"author":[{"embeddable":true,"href":"https:\/\/comarpack.com\/ca\/wp-json\/wp\/v2\/users\/1"}],"replies":[{"embeddable":true,"href":"https:\/\/comarpack.com\/ca\/wp-json\/wp\/v2\/comments?post=662"}],"version-history":[{"count":5,"href":"https:\/\/comarpack.com\/ca\/wp-json\/wp\/v2\/pages\/662\/revisions"}],"predecessor-version":[{"id":828,"href":"https:\/\/comarpack.com\/ca\/wp-json\/wp\/v2\/pages\/662\/revisions\/828"}],"wp:attachment":[{"href":"https:\/\/comarpack.com\/ca\/wp-json\/wp\/v2\/media?parent=662"}],"curies":[{"name":"wp","href":"https:\/\/api.w.org\/{rel}","templated":true}]}}