{"id":672,"date":"2019-01-23T12:43:29","date_gmt":"2019-01-23T10:43:29","guid":{"rendered":"http:\/\/comarpack.com\/empresa\/"},"modified":"2019-03-26T12:58:51","modified_gmt":"2019-03-26T10:58:51","slug":"empresa","status":"publish","type":"page","link":"https:\/\/comarpack.com\/ca\/empresa\/","title":{"rendered":"Empresa"},"content":{"rendered":"<div class=\"wpb_text_column wpb_content_element \">\n<div class=\"wpb_wrapper\">\n<p>Amb m\u00e9s de 40 anys d&#8217;experi\u00e8ncia en els sectors de la qu\u00edmica i la farm\u00e0cia, a Comarpack basem la nostra activitat empresarial en oferir les solucions m\u00e9s adequades de packaging per a diversos productes. Amb l&#8217;objectiu d&#8217;oferir un servei especialitzat, actualment la nostra activitat se centra especialment en els sectors de la ind\u00fastria farmac\u00e8utica i la diet\u00e8tica.<\/p>\n<p>Per tal d\u2019oferir un servei a mida, comptem amb diferents partners. En el seu conjunt s\u00f3n empreses col\u00b7laboradores reconegudes que permeten a Comarpack oferir els millors productes, ja que disposen de diferents certificacions que garanteixen la seva qualitat, prestigi i reconeixement dins del sector.<\/p>\n<p>El conjunt de coneixements acumulats per Comarpack en diverses \u00e0rees (especialment en els sectors qu\u00edmic i de la perfumeria, que inclou el proc\u00e9s d&#8217;embotellat), aporta un gran valor afegit en el desenvolupament de la nostra activitat. En conjunt, aquest bagatge ens permet oferir un servei d&#8217;alta qualitat. A m\u00e9s, la nostra experi\u00e8ncia ens ha proporcionat tamb\u00e9 un ampli coneixement de bones pr\u00e0ctiques de fabricaci\u00f3 i de la import\u00e0ncia del suport al client.<\/p>\n<\/div>\n<\/div>\n","protected":false},"excerpt":{"rendered":"<p>Amb m\u00e9s de 40 anys d&#8217;experi\u00e8ncia en els sectors de la qu\u00edmica i la farm\u00e0cia, a Comarpack basem la nostra activitat empresarial en oferir les solucions m\u00e9s adequades de packaging per a diversos productes. Amb l&#8217;objectiu d&#8217;oferir un servei especialitzat, actualment la nostra activitat se centra especialment en els sectors de la ind\u00fastria farmac\u00e8utica i &hellip; <a href=\"https:\/\/comarpack.com\/ca\/empresa\/\" class=\"more-link\">Continua la lectura de <span class=\"screen-reader-text\">Empresa<\/span> <span class=\"meta-nav\">&rarr;<\/span><\/a><\/p>\n","protected":false},"author":1,"featured_media":0,"parent":0,"menu_order":0,"comment_status":"closed","ping_status":"closed","template":"","meta":{"_acf_changed":false,"footnotes":""},"class_list":["post-672","page","type-page","status-publish","hentry"],"acf":[],"_links":{"self":[{"href":"https:\/\/comarpack.com\/ca\/wp-json\/wp\/v2\/pages\/672","targetHints":{"allow":["GET"]}}],"collection":[{"href":"https:\/\/comarpack.com\/ca\/wp-json\/wp\/v2\/pages"}],"about":[{"href":"https:\/\/comarpack.com\/ca\/wp-json\/wp\/v2\/types\/page"}],"author":[{"embeddable":true,"href":"https:\/\/comarpack.com\/ca\/wp-json\/wp\/v2\/users\/1"}],"replies":[{"embeddable":true,"href":"https:\/\/comarpack.com\/ca\/wp-json\/wp\/v2\/comments?post=672"}],"version-history":[{"count":4,"href":"https:\/\/comarpack.com\/ca\/wp-json\/wp\/v2\/pages\/672\/revisions"}],"predecessor-version":[{"id":824,"href":"https:\/\/comarpack.com\/ca\/wp-json\/wp\/v2\/pages\/672\/revisions\/824"}],"wp:attachment":[{"href":"https:\/\/comarpack.com\/ca\/wp-json\/wp\/v2\/media?parent=672"}],"curies":[{"name":"wp","href":"https:\/\/api.w.org\/{rel}","templated":true}]}}