{"id":922,"date":"2019-06-10T16:38:00","date_gmt":"2019-06-10T14:38:00","guid":{"rendered":"http:\/\/comarpack.com\/?page_id=922"},"modified":"2019-06-10T16:55:02","modified_gmt":"2019-06-10T14:55:02","slug":"eskiss","status":"publish","type":"page","link":"https:\/\/comarpack.com\/ca\/representacions\/eskiss\/","title":{"rendered":"Eskiss"},"content":{"rendered":"<p>Empresa: <strong>Eskiss Packaging<\/strong><br \/>\nSeu: Fran\u00e7a<br \/>\nP\u00e0gina web: <a href=\"http:\/\/eskisspackaging.eu\/\">eskisspackaging.eu<\/a><\/p>\n<p>Des de fa m\u00e9s de 35 anys ESKISS, dissenya, desenvolupa i fabrica envasos i pl\u00e0stic est\u00e0ndard per a la ind\u00fastria famac\u00e9utica, del sector de la salut i per a complements alimentaris.<\/p>\n<p>La planta de Saint-Bonnet de Rochefort produeix motlles d&#8217;injecci\u00f3, extrusi\u00f3 i injecci\u00f3-bufat d&#8217;envasos de pl\u00e0stic, incl\u00f2s UNICADOSE\u00ae, un substitut de l&#8217;ampolla de vidre, envasos p\u00edldoreros de PET i HDPE, ampolles de PET i altres solucions de tapat. Aquests envasos, destinats principalment al mercat de la salut i els complements alimentaris, s&#8217;adapten perfectament a l&#8217;administraci\u00f3 de formes l\u00edquides o s\u00f2lides.<\/p>\n<p>Al febrer de 2019 Eskiss es va unir al grup SGH Healthcaring, juntament amb Stiplastics i Rovipharm. L&#8217;ambici\u00f3s projecte de desenvolupament del grup est\u00e0 marcat pel desig de convertir-se en una de les refer\u00e8ncies mundials en el disseny i la fabricaci\u00f3 de dispositius m\u00e8dics, especialment en dispositius de dosificaci\u00f3, i tamb\u00e9 en envasos primaris.<\/p>\n","protected":false},"excerpt":{"rendered":"<p>Empresa: Eskiss Packaging Seu: Fran\u00e7a P\u00e0gina web: eskisspackaging.eu Des de fa m\u00e9s de 35 anys ESKISS, dissenya, desenvolupa i fabrica envasos i pl\u00e0stic est\u00e0ndard per a la ind\u00fastria famac\u00e9utica, del sector de la salut i per a complements alimentaris. La planta de Saint-Bonnet de Rochefort produeix motlles d&#8217;injecci\u00f3, extrusi\u00f3 i injecci\u00f3-bufat d&#8217;envasos de pl\u00e0stic, incl\u00f2s &hellip; <a href=\"https:\/\/comarpack.com\/ca\/representacions\/eskiss\/\" class=\"more-link\">Continua la lectura de <span class=\"screen-reader-text\">Eskiss<\/span> <span class=\"meta-nav\">&rarr;<\/span><\/a><\/p>\n","protected":false},"author":1,"featured_media":0,"parent":662,"menu_order":0,"comment_status":"closed","ping_status":"closed","template":"page-femdins.php","meta":{"_acf_changed":false,"footnotes":""},"class_list":["post-922","page","type-page","status-publish","hentry"],"acf":[],"_links":{"self":[{"href":"https:\/\/comarpack.com\/ca\/wp-json\/wp\/v2\/pages\/922","targetHints":{"allow":["GET"]}}],"collection":[{"href":"https:\/\/comarpack.com\/ca\/wp-json\/wp\/v2\/pages"}],"about":[{"href":"https:\/\/comarpack.com\/ca\/wp-json\/wp\/v2\/types\/page"}],"author":[{"embeddable":true,"href":"https:\/\/comarpack.com\/ca\/wp-json\/wp\/v2\/users\/1"}],"replies":[{"embeddable":true,"href":"https:\/\/comarpack.com\/ca\/wp-json\/wp\/v2\/comments?post=922"}],"version-history":[{"count":2,"href":"https:\/\/comarpack.com\/ca\/wp-json\/wp\/v2\/pages\/922\/revisions"}],"predecessor-version":[{"id":1089,"href":"https:\/\/comarpack.com\/ca\/wp-json\/wp\/v2\/pages\/922\/revisions\/1089"}],"up":[{"embeddable":true,"href":"https:\/\/comarpack.com\/ca\/wp-json\/wp\/v2\/pages\/662"}],"wp:attachment":[{"href":"https:\/\/comarpack.com\/ca\/wp-json\/wp\/v2\/media?parent=922"}],"curies":[{"name":"wp","href":"https:\/\/api.w.org\/{rel}","templated":true}]}}