{"id":957,"date":"2019-06-10T16:36:14","date_gmt":"2019-06-10T14:36:14","guid":{"rendered":"http:\/\/comarpack.com\/?page_id=957"},"modified":"2019-06-10T17:11:39","modified_gmt":"2019-06-10T15:11:39","slug":"pildoreros-hdpe-y-pet","status":"publish","type":"page","link":"https:\/\/comarpack.com\/ca\/productes\/pildoreros-hdpe-y-pet\/","title":{"rendered":"Pildorers HDPE i PET"},"content":{"rendered":"<p>\u00daS:<\/p>\n<ul>\n<li>Per medicaments, vitamines i complements alimentaris.<\/li>\n<li>Gamma de tapes corresponents.<\/li>\n<\/ul>\n<p>CARACTER\u00cdSTIQUES<\/p>\n<ul>\n<li>En PET o HDPE<\/li>\n<li>Obertura a pressi\u00f3 o rosca<\/li>\n<li>30 ml a 250 ml<\/li>\n<\/ul>\n<ul>\n<li>Color est\u00e0ndard o a mida sota comanda<\/li>\n<\/ul>\n","protected":false},"excerpt":{"rendered":"<p>\u00daS: Per medicaments, vitamines i complements alimentaris. Gamma de tapes corresponents. CARACTER\u00cdSTIQUES En PET o HDPE Obertura a pressi\u00f3 o rosca 30 ml a 250 ml Color est\u00e0ndard o a mida sota comanda<\/p>\n","protected":false},"author":1,"featured_media":0,"parent":649,"menu_order":0,"comment_status":"closed","ping_status":"closed","template":"page-dinsproducte.php","meta":{"_acf_changed":false,"footnotes":""},"class_list":["post-957","page","type-page","status-publish","hentry"],"acf":[],"_links":{"self":[{"href":"https:\/\/comarpack.com\/ca\/wp-json\/wp\/v2\/pages\/957","targetHints":{"allow":["GET"]}}],"collection":[{"href":"https:\/\/comarpack.com\/ca\/wp-json\/wp\/v2\/pages"}],"about":[{"href":"https:\/\/comarpack.com\/ca\/wp-json\/wp\/v2\/types\/page"}],"author":[{"embeddable":true,"href":"https:\/\/comarpack.com\/ca\/wp-json\/wp\/v2\/users\/1"}],"replies":[{"embeddable":true,"href":"https:\/\/comarpack.com\/ca\/wp-json\/wp\/v2\/comments?post=957"}],"version-history":[{"count":5,"href":"https:\/\/comarpack.com\/ca\/wp-json\/wp\/v2\/pages\/957\/revisions"}],"predecessor-version":[{"id":1109,"href":"https:\/\/comarpack.com\/ca\/wp-json\/wp\/v2\/pages\/957\/revisions\/1109"}],"up":[{"embeddable":true,"href":"https:\/\/comarpack.com\/ca\/wp-json\/wp\/v2\/pages\/649"}],"wp:attachment":[{"href":"https:\/\/comarpack.com\/ca\/wp-json\/wp\/v2\/media?parent=957"}],"curies":[{"name":"wp","href":"https:\/\/api.w.org\/{rel}","templated":true}]}}