{"id":978,"date":"2019-06-10T16:35:30","date_gmt":"2019-06-10T14:35:30","guid":{"rendered":"http:\/\/comarpack.com\/?page_id=978"},"modified":"2019-06-10T17:09:54","modified_gmt":"2019-06-10T15:09:54","slug":"dosis-unica","status":"publish","type":"page","link":"https:\/\/comarpack.com\/ca\/productes\/dosis-unica\/","title":{"rendered":"Dosis \u00fanica"},"content":{"rendered":"<p>BENEFICIS:<\/p>\n<ul>\n<li>Irrompible.<\/li>\n<li>No hi ha fragments de vidre a la soluci\u00f3.<\/li>\n<li>Intu\u00eftiu d&#8217;utilitzar.<\/li>\n<li>\u00das en moviment: f\u00e0cil de transportar.<\/li>\n<\/ul>\n<p>CARACTER\u00cdSTIQUES<\/p>\n<ul>\n<li>\u00das per a productes diet\u00e8tics, cosm\u00e8tics, ind\u00fastria aliment\u00e0ria, etc.<\/li>\n<li>Fabricat en PP o PET, 100% reciclable.<\/li>\n<li>Apte per esterilitzaci\u00f3 i pasteuritzaci\u00f3.<\/li>\n<\/ul>\n<p>PERSONALITZACI\u00d3:<\/p>\n<ul>\n<li>Color (est\u00e0ndard o sota comanda).<\/li>\n<li>Serigrafia monocolor.<\/li>\n<li>Soluci\u00f3 d&#8217;ompliment disponible.<\/li>\n<\/ul>\n","protected":false},"excerpt":{"rendered":"<p>BENEFICIS: Irrompible. No hi ha fragments de vidre a la soluci\u00f3. Intu\u00eftiu d&#8217;utilitzar. \u00das en moviment: f\u00e0cil de transportar. CARACTER\u00cdSTIQUES \u00das per a productes diet\u00e8tics, cosm\u00e8tics, ind\u00fastria aliment\u00e0ria, etc. Fabricat en PP o PET, 100% reciclable. Apte per esterilitzaci\u00f3 i pasteuritzaci\u00f3. PERSONALITZACI\u00d3: Color (est\u00e0ndard o sota comanda). Serigrafia monocolor. Soluci\u00f3 d&#8217;ompliment disponible.<\/p>\n","protected":false},"author":1,"featured_media":0,"parent":649,"menu_order":0,"comment_status":"closed","ping_status":"closed","template":"page-dinsproducte.php","meta":{"_acf_changed":false,"footnotes":""},"class_list":["post-978","page","type-page","status-publish","hentry"],"acf":[],"_links":{"self":[{"href":"https:\/\/comarpack.com\/ca\/wp-json\/wp\/v2\/pages\/978","targetHints":{"allow":["GET"]}}],"collection":[{"href":"https:\/\/comarpack.com\/ca\/wp-json\/wp\/v2\/pages"}],"about":[{"href":"https:\/\/comarpack.com\/ca\/wp-json\/wp\/v2\/types\/page"}],"author":[{"embeddable":true,"href":"https:\/\/comarpack.com\/ca\/wp-json\/wp\/v2\/users\/1"}],"replies":[{"embeddable":true,"href":"https:\/\/comarpack.com\/ca\/wp-json\/wp\/v2\/comments?post=978"}],"version-history":[{"count":2,"href":"https:\/\/comarpack.com\/ca\/wp-json\/wp\/v2\/pages\/978\/revisions"}],"predecessor-version":[{"id":1105,"href":"https:\/\/comarpack.com\/ca\/wp-json\/wp\/v2\/pages\/978\/revisions\/1105"}],"up":[{"embeddable":true,"href":"https:\/\/comarpack.com\/ca\/wp-json\/wp\/v2\/pages\/649"}],"wp:attachment":[{"href":"https:\/\/comarpack.com\/ca\/wp-json\/wp\/v2\/media?parent=978"}],"curies":[{"name":"wp","href":"https:\/\/api.w.org\/{rel}","templated":true}]}}