{"id":671,"date":"2019-01-23T12:43:50","date_gmt":"2019-01-23T10:43:50","guid":{"rendered":"http:\/\/comarpack.com\/politica-de-privacidad-y-aviso-legal\/"},"modified":"2019-03-26T13:34:23","modified_gmt":"2019-03-26T11:34:23","slug":"politica-de-privacidad-y-aviso-legal","status":"publish","type":"page","link":"https:\/\/comarpack.com\/en\/politica-de-privacidad-y-aviso-legal\/","title":{"rendered":"Privacy policy and legal notice"},"content":{"rendered":"<h3><strong>Aviso legal<\/strong><\/h3>\n<p>El titular de esta p\u00e1gina Web es JAUME MARQUES PUJADAS con DNI \u00a077111414G.<br \/>\nTiene su domicilio social en Passeig de la Calma, 18 &#8211; CP 08520 \u2013 Les Franqueses del Vall\u00e8s (Barcelona). Su tel\u00e9fono de contacto es 675720936, y su direcci\u00f3n de correo electr\u00f3nico es\u00a0<a href=\"mailto:polysistec@polysistec.com\">info@comarpack.com<\/a><u>\u00a0<\/u><\/p>\n<h3><strong>Contenido del sitio web<\/strong><\/h3>\n<p>La informaci\u00f3n incluida en el sitio Web, ha seguido los requerimientos exigidos por la normativa legal de aplicaci\u00f3n. Es responsabilidad del usuario el uso del sitio. El contenido es responsabilidad de su titular quien podr\u00e1 modificar las condiciones del sitio sin previo aviso, y sin que ello suponga alteraci\u00f3n de los compromisos adquiridos hasta la fecha de la modificaci\u00f3n.<br \/>\nNo son responsabilidad del titular los problemas de conexi\u00f3n, as\u00ed como los errores que se puedan producir durante la conexi\u00f3n.<\/p>\n<h3><strong>Derechos de autor y derechos de propiedad industrial<\/strong><\/h3>\n<p>JAUME MARQUES PUJADAS es titular de todos los derechos de autor, propiedad intelectual, industrial,\u00a0<em>\u201cknowhow\u201d\u00a0<\/em>y cuantos otros servicios ofertados en el mismo, as\u00ed como de los programas necesarios para su implementaci\u00f3n y la informaci\u00f3n relacionada. No se permite la reproducci\u00f3n, publicaci\u00f3n y\/o uso no estrictamente privado\u00a0 de los contenidos, totales o parciales, del sitio web\u00a0<a href=\"http:\/\/comarpack.com\/\">www.comarpack.com<\/a>\u00a0sin el consentimiento previo y por escrito.<\/p>\n<h3><strong>Datos de car\u00e1cter personal<\/strong><\/h3>\n<p>De conformidad con lo dispuesto en la Ley Org\u00e1nica 15\/1999, de 13 de diciembre, de Protecci\u00f3n de Datos de Car\u00e1cter Personal, JAUME MARQUES PUJADAS informa que los datos personales facilitados a trav\u00e9s de los formularios de esta Web o mediante mensajes de correo electr\u00f3nico, ser\u00e1n incorporados en los ficheros correspondientes, debidamente registrados en la Agencia Espa\u00f1ola de Protecci\u00f3n de Datos, cuyo responsable es JAUME MARQUES PUJADAS, mediante el env\u00edo de las formularios existentes en esta Web, el remitente da su consentimiento para ser incluido en el mencionado fichero. La finalidad del fichero es servir como soporte de informaci\u00f3n a la gesti\u00f3n administrativo, comercial (incluyendo mailings, newsletter) y contable de la empresa. En cualquier momento, el usuario podr\u00e1 ejercitar el derecho de acceso, rectificaci\u00f3n, cancelaci\u00f3n y oposici\u00f3n, enviando una solicitud escrita y firmada a la siguiente direcci\u00f3n: en Passeig de la Calma, 18 &#8211; CP 08520 \u2013 Les Franqueses del Vall\u00e8s (Barcelona) o en la direcci\u00f3n de correo electr\u00f3nico\u00a0<a href=\"mailto:polysistec@polysistec.com\">info@comarpack.com<\/a><u>\u00a0<\/u>en la que se incluya su nombre, apellidos y fotocopia del D.N.I, con las instrucciones precisas al efecto.<\/p>\n<h3><strong>Cookies<\/strong><\/h3>\n<p>El sitio de <a href=\"http:\/\/comarpack.com\">http:\/\/comarpack.com<\/a> utiliza cookies que nos ayudan a mejorar nuestro Sitio Web y a prestar una experiencia de navegaci\u00f3n mejor y m\u00e1s personalizada. En concreto, nos permiten:<\/p>\n<ul>\n<li>Almacenar informaci\u00f3n acerca de tus preferencias y personalizar nuestro Sitio Web de conformidad con tus intereses particulares.<\/li>\n<li>Acelerar tus b\u00fasquedas.<\/li>\n<li>Reconocer al ordenador cuando el Usuario regresa de nuevo a nuestro Sitio Web.<\/li>\n<li>Recoger datos derivados del tr\u00e1fico y la interacci\u00f3n de los Usuarios en nuestro Sitio Web para identificar tendencias y con fines estad\u00edsticos.<\/li>\n<\/ul>\n<p>Este sitio web utiliza las siguientes\u00a0cookies propias:<\/p>\n<ul>\n<li>Cookies de sesi\u00f3n, para garantizar que los usuarios que escriban comentarios en el blog sean humanos y no aplicaciones automatizadas. De esta forma se combate el\u00a0<em>spam<\/em>.<\/li>\n<\/ul>\n<p>Este sitio web utiliza las siguientes\u00a0cookies de terceros:<\/p>\n<ul>\n<li style=\"list-style-type: none;\">\n<ul>\n<li>Google Analytics: Almacena\u00a0<em>cookies<\/em>\u00a0para poder elaborar estad\u00edsticas sobre el tr\u00e1fico y volumen de visitas de esta web. Al utilizar este sitio web est\u00e1 consintiendo el tratamiento de informaci\u00f3n acerca de usted por Google. Por tanto, el ejercicio de cualquier derecho en este sentido deber\u00e1 hacerlo comunicando directamente con Google.<\/li>\n<li>Redes sociales: Cada red social utiliza sus propias\u00a0<em>cookies<\/em>\u00a0para que usted pueda pinchar en botones del tipo\u00a0<em>Me gusta<\/em>\u00a0o\u00a0<em>Compartir<\/em>.<br \/>\nSi desea obtener informaci\u00f3n completa sobre las cookies que utiliza esta p\u00e1gina web o revocar el consentimiento prestado al respecto consulte nuestra informaci\u00f3n sobre nuestra\u00a0<a href=\"http:\/\/comarpack.com\/politica-de-cookies\/?lang=en\">Pol\u00edtica de Cookies<\/a>.<\/li>\n<\/ul>\n<\/li>\n<\/ul>\n<h3><strong>Enlaces<\/strong><\/h3>\n<p>JAUME MARQUIES PUJADAS no asume ninguna responsabilidad sobre los enlaces hacia otros sitios o p\u00e1ginas Web que, en su caso, pudieran incluirse en el mismo, ya que no tiene ning\u00fan tipo de control sobre los mismos, por lo que el usuario accede bajo su exclusiva responsabilidad al contenido y en las condiciones de uso que rijan en los mismos.<\/p>\n","protected":false},"excerpt":{"rendered":"<p>Aviso legal El titular de esta p\u00e1gina Web es JAUME MARQUES PUJADAS con DNI \u00a077111414G. Tiene su domicilio social en Passeig de la Calma, 18 &#8211; CP 08520 \u2013 Les Franqueses del Vall\u00e8s (Barcelona). Su tel\u00e9fono de contacto es 675720936, y su direcci\u00f3n de correo electr\u00f3nico es\u00a0info@comarpack.com\u00a0 Contenido del sitio web La informaci\u00f3n incluida en &hellip; <a href=\"https:\/\/comarpack.com\/en\/politica-de-privacidad-y-aviso-legal\/\" class=\"more-link\">Continue reading <span class=\"screen-reader-text\">Privacy policy and legal notice<\/span> <span class=\"meta-nav\">&rarr;<\/span><\/a><\/p>\n","protected":false},"author":1,"featured_media":0,"parent":0,"menu_order":0,"comment_status":"closed","ping_status":"closed","template":"","meta":{"_acf_changed":false,"footnotes":""},"class_list":["post-671","page","type-page","status-publish","hentry"],"acf":[],"_links":{"self":[{"href":"https:\/\/comarpack.com\/en\/wp-json\/wp\/v2\/pages\/671","targetHints":{"allow":["GET"]}}],"collection":[{"href":"https:\/\/comarpack.com\/en\/wp-json\/wp\/v2\/pages"}],"about":[{"href":"https:\/\/comarpack.com\/en\/wp-json\/wp\/v2\/types\/page"}],"author":[{"embeddable":true,"href":"https:\/\/comarpack.com\/en\/wp-json\/wp\/v2\/users\/1"}],"replies":[{"embeddable":true,"href":"https:\/\/comarpack.com\/en\/wp-json\/wp\/v2\/comments?post=671"}],"version-history":[{"count":1,"href":"https:\/\/comarpack.com\/en\/wp-json\/wp\/v2\/pages\/671\/revisions"}],"predecessor-version":[{"id":918,"href":"https:\/\/comarpack.com\/en\/wp-json\/wp\/v2\/pages\/671\/revisions\/918"}],"wp:attachment":[{"href":"https:\/\/comarpack.com\/en\/wp-json\/wp\/v2\/media?parent=671"}],"curies":[{"name":"wp","href":"https:\/\/api.w.org\/{rel}","templated":true}]}}